{"id":13220,"date":"2015-09-29T20:32:26","date_gmt":"2015-09-29T18:32:26","guid":{"rendered":"http:\/\/sgtr.ch\/dev\/wp\/?page_id=13220"},"modified":"2026-03-01T18:14:13","modified_gmt":"2026-03-01T17:14:13","slug":"anzeige-stelleninserate","status":"publish","type":"page","link":"https:\/\/sgtr.ch\/wp\/der-verein\/anzeige-stelleninserate\/","title":{"rendered":"Anzeigen | Stelleninserate"},"content":{"rendered":"<div class=\"fusion-fullwidth fullwidth-box fusion-builder-row-1 fusion-flex-container nonhundred-percent-fullwidth non-hundred-percent-height-scrolling\" style=\"--awb-background-position:left top;--awb-border-sizes-top:0px;--awb-border-sizes-bottom:0px;--awb-border-sizes-left:0px;--awb-border-sizes-right:0px;--awb-border-radius-top-left:0px;--awb-border-radius-top-right:0px;--awb-border-radius-bottom-right:0px;--awb-border-radius-bottom-left:0px;--awb-padding-top:20px;--awb-padding-right:0px;--awb-padding-bottom:20px;--awb-padding-left:0px;--awb-flex-wrap:wrap;\" ><div class=\"fusion-builder-row fusion-row fusion-flex-align-items-flex-start fusion-flex-content-wrap\" style=\"max-width:1216.8px;margin-left: calc(-4% \/ 2 );margin-right: calc(-4% \/ 2 );\"><div class=\"fusion-layout-column fusion_builder_column fusion-builder-column-0 fusion_builder_column_1_1 1_1 fusion-flex-column fusion-flex-align-self-flex-start fusion-column-no-min-height\" style=\"--awb-bg-blend:overlay;--awb-bg-size:cover;--awb-width-large:100%;--awb-margin-top-large:0px;--awb-spacing-right-large:1.92%;--awb-margin-bottom-large:0px;--awb-spacing-left-large:1.92%;--awb-width-medium:100%;--awb-spacing-right-medium:1.92%;--awb-spacing-left-medium:1.92%;--awb-width-small:100%;--awb-spacing-right-small:1.92%;--awb-spacing-left-small:1.92%;\"><div class=\"fusion-column-wrapper fusion-flex-justify-content-flex-start fusion-content-layout-column\"><div class=\"fusion-title title fusion-title-1 fusion-title-text fusion-title-size-two\"><div class=\"title-sep-container title-sep-container-left fusion-no-large-visibility fusion-no-medium-visibility fusion-no-small-visibility\"><div class=\"title-sep sep- sep-solid\" style=\"border-color:#e0dede;\"><\/div><\/div><span class=\"awb-title-spacer fusion-no-large-visibility fusion-no-medium-visibility fusion-no-small-visibility\"><\/span><h2 class=\"fusion-title-heading title-heading-left\" style=\"margin:0;\"><span style=\"color: #ff6600;\"><strong>Anzeigen und Stelleninserate<\/strong><\/span><\/h2><span class=\"awb-title-spacer\"><\/span><div class=\"title-sep-container title-sep-container-right\"><div class=\"title-sep sep- sep-solid\" style=\"border-color:#e0dede;\"><\/div><\/div><\/div><div class=\"fusion-separator fusion-full-width-sep\" style=\"align-self: center;margin-left: auto;margin-right: auto;margin-top:10px;margin-bottom:40px;width:100%;\"><div class=\"fusion-separator-border sep-single sep-solid\" style=\"--awb-height:20px;--awb-amount:20px;border-color:#e0dede;border-top-width:1px;\"><\/div><\/div><div class=\"fusion-text fusion-text-1\" style=\"--awb-text-transform:none;\"><p>Hier k\u00f6nnen Sie Inserate f\u00fcr offene Stellen, Stellengesuche, zu verkaufende Artikel oder Vermittlungsanzeigen f\u00fcr Pferde platzieren lassen. F\u00fcr Mitglieder der SG-TR ist das Aufschalten eines Inserats kostenlos. Nichtmitglieder werden Fr. 40.- in Rechnung gestellt. Die Inserate bleiben jeweils f\u00fcr 3 Monate online.<\/p>\n<p><strong>Fachperson Bildung\/Tier 60-80% im GZ Wipkingen<br \/>\n<\/strong><span class=\"citation-83\">Das Gemeinschaftszentrum Wipkingen sucht per sofort oder nach Vereinbarung eine neue Fachperson Bildung\/Tier. Diese Stelle erm\u00f6glicht es dir, deine wertvollen Erfahrungen in den Wipkihof einzubringen, einem soziokulturellen Kleinbauernhof mitten in der Stadt Z\u00fcrich, seine Angebote mitzugestalten und deine pers\u00f6nlichen F\u00e4higkeiten zu erweitern. Das ganze Stelleninserat findest du hier: <a href=\"https:\/\/sgtr.ch\/wp\/wp-content\/uploads\/2026\/02\/Stellenausschreibung-Bildung-Tier-GZ-Wipkingen-2026.pdf\">Stellenausschreibung Bildung Tier GZ Wipkingen 2026<\/a><\/span><\/p>\n<div>\n<p>&nbsp;<\/p>\n<\/div>\n<p style=\"font-weight: 400;\">Suchen Sie einen <strong>Wirkungsort f\u00fcr Ihr Pferd auf einen kleinen Bio-Bauernhof<\/strong> mit einer passenden Infrastruktur f\u00fcr verschiedene <strong>Aktivit\u00e4ten rund um pferdgest\u00fctzte Therapien <\/strong>oder \u00c4hnlichem, dann k\u00f6nnte unser Hof in 8832 Wilen bei Wollerau das Richtige f\u00fcr Sie sein.&nbsp;Wir bieten wegen dem Weggang unserer Reittherapeutin einen&nbsp;<strong>Gruppen-Freilaufstall mit Pferdereitplatz&nbsp;<\/strong>f\u00fcr bis zu 5 Pferde (2 Pl\u00e4tze sind von eigenen Pferden belegt).&nbsp;Die n\u00f6tigen Nebenr\u00e4umlichkeiten, wie Sattelkammer, Trocknungsraum, WC, Aufenthaltsraum stehen zur Verf\u00fcgung.&nbsp;Wir erwarten die selbstst\u00e4ndige <strong>Mitpflege von Jimmy (Shetlandpony Jg. 2000) und Parzival (Knabstrupper Jg. 2001)<\/strong>, wobei Reit- und Pflegebeteiligungen \u00fcbernommen werden sollten.&nbsp;Wir bieten im Gegenzug eine <strong>kostenlose Infrastuktur inkl. Weidebenutzung und Futter<\/strong>, wenn 2 eigene Pferde mitgebracht werden oder eine Arbeitsentsch\u00e4digung bei weniger eigenen Pferden.<br \/>\nFalls Sie Interesse an mehr Informationen haben oder eine Besichtigung w\u00fcnschen, freue ich mich auf Ihre Kontaktaufnahme bei&nbsp;Darius Tuor dariustuor@gmx.ch&nbsp;078 744 33 14 (bitte Combox benutzen)<\/p>\n<p>&nbsp;<\/p>\n<\/div><\/div><\/div><\/div><\/div>\n","protected":false},"excerpt":{"rendered":"","protected":false},"author":1,"featured_media":0,"parent":13201,"menu_order":0,"comment_status":"closed","ping_status":"closed","template":"","meta":{"ngg_post_thumbnail":0,"footnotes":""},"class_list":["post-13220","page","type-page","status-publish","hentry"],"_links":{"self":[{"href":"https:\/\/sgtr.ch\/wp\/wp-json\/wp\/v2\/pages\/13220","targetHints":{"allow":["GET"]}}],"collection":[{"href":"https:\/\/sgtr.ch\/wp\/wp-json\/wp\/v2\/pages"}],"about":[{"href":"https:\/\/sgtr.ch\/wp\/wp-json\/wp\/v2\/types\/page"}],"author":[{"embeddable":true,"href":"https:\/\/sgtr.ch\/wp\/wp-json\/wp\/v2\/users\/1"}],"replies":[{"embeddable":true,"href":"https:\/\/sgtr.ch\/wp\/wp-json\/wp\/v2\/comments?post=13220"}],"version-history":[{"count":56,"href":"https:\/\/sgtr.ch\/wp\/wp-json\/wp\/v2\/pages\/13220\/revisions"}],"predecessor-version":[{"id":15225,"href":"https:\/\/sgtr.ch\/wp\/wp-json\/wp\/v2\/pages\/13220\/revisions\/15225"}],"up":[{"embeddable":true,"href":"https:\/\/sgtr.ch\/wp\/wp-json\/wp\/v2\/pages\/13201"}],"wp:attachment":[{"href":"https:\/\/sgtr.ch\/wp\/wp-json\/wp\/v2\/media?parent=13220"}],"curies":[{"name":"wp","href":"https:\/\/api.w.org\/{rel}","templated":true}]}}